{"id":8,"date":"2015-03-31T13:39:17","date_gmt":"2015-03-31T11:39:17","guid":{"rendered":"http:\/\/gruenholz.info\/V2\/?page_id=8"},"modified":"2015-10-06T20:34:33","modified_gmt":"2015-10-06T18:34:33","slug":"gruenholzrundbrief","status":"publish","type":"page","link":"https:\/\/gruenholz.info\/?page_id=8","title":{"rendered":"Gr\u00fcnholzrundbrief"},"content":{"rendered":"<p>Mit meinem <strong>Gr\u00fcnholzrundbrief<\/strong> informiere ich zweimal j\u00e4hrlich \u00fcber die neuen Kurstermine und \u00fcber Ausstellungen und andere Veranstaltungen.<\/p>\n<p>Wenn Sie den Rundbrief abboneren m\u00f6chten, schicken Sie mir einfach eine Email mit Betreff \u201c<em>Gr\u00fcnholzrundbrief<\/em>\u201d oder klicken Sie <a href=\"mailto:gruenholz@gruenholz.info?subject=Gr\u00fcnholzrundbrief abonieren\">-&gt; hier<\/a>.<\/p>\n<p>Ich gebe ihre Emailadresse an niemanden weiter und Sie k\u00f6nnen den Rundbrief jederzeit wieder abbestellen.<\/p>\n","protected":false},"excerpt":{"rendered":"<p>Mit meinem Gr\u00fcnholzrundbrief informiere ich zweimal j\u00e4hrlich \u00fcber die neuen Kurstermine und \u00fcber Ausstellungen und andere Veranstaltungen. Wenn Sie den Rundbrief abboneren m\u00f6chten, schicken Sie mir einfach eine Email mit Betreff \u201cGr\u00fcnholzrundbrief\u201d oder klicken Sie -&gt; hier. Ich gebe ihre Emailadresse an niemanden weiter und Sie k\u00f6nnen den Rundbrief jederzeit wieder abbestellen.<\/p>\n","protected":false},"author":1,"featured_media":0,"parent":6,"menu_order":1,"comment_status":"open","ping_status":"open","template":"","meta":{"footnotes":""},"_links":{"self":[{"href":"https:\/\/gruenholz.info\/index.php?rest_route=\/wp\/v2\/pages\/8"}],"collection":[{"href":"https:\/\/gruenholz.info\/index.php?rest_route=\/wp\/v2\/pages"}],"about":[{"href":"https:\/\/gruenholz.info\/index.php?rest_route=\/wp\/v2\/types\/page"}],"author":[{"embeddable":true,"href":"https:\/\/gruenholz.info\/index.php?rest_route=\/wp\/v2\/users\/1"}],"replies":[{"embeddable":true,"href":"https:\/\/gruenholz.info\/index.php?rest_route=%2Fwp%2Fv2%2Fcomments&post=8"}],"version-history":[{"count":7,"href":"https:\/\/gruenholz.info\/index.php?rest_route=\/wp\/v2\/pages\/8\/revisions"}],"predecessor-version":[{"id":241,"href":"https:\/\/gruenholz.info\/index.php?rest_route=\/wp\/v2\/pages\/8\/revisions\/241"}],"up":[{"embeddable":true,"href":"https:\/\/gruenholz.info\/index.php?rest_route=\/wp\/v2\/pages\/6"}],"wp:attachment":[{"href":"https:\/\/gruenholz.info\/index.php?rest_route=%2Fwp%2Fv2%2Fmedia&parent=8"}],"curies":[{"name":"wp","href":"https:\/\/api.w.org\/{rel}","templated":true}]}}