{"id":71,"date":"2015-03-31T14:53:40","date_gmt":"2015-03-31T12:53:40","guid":{"rendered":"http:\/\/gruenholz.info\/V2\/?page_id=71"},"modified":"2024-04-15T16:02:29","modified_gmt":"2024-04-15T14:02:29","slug":"gruenholzgestaltung-und-wippdrechseln","status":"publish","type":"page","link":"https:\/\/gruenholz.info\/?page_id=71","title":{"rendered":"Gr\u00fcnholzgestaltung und Wippdrechseln"},"content":{"rendered":"\n<p>Gr\u00fcnholzwerken f\u00fcr Anf\u00e4nger und Fortgeschrittene.<\/p>\n\n\n\n<p>Mit Schnitzbeil, Ziehmesser und Wippdrehbank k\u00f6nnen Arbeiten wie Kerzenleuchter, Schalen, Mollen, Shrinkpots oder ein Hocker mit massiver Sitzfl\u00e4che und verzapften Beinen hergestellt werden.<\/p>\n\n\n\n<figure class=\"wp-block-image size-large is-resized\"><a href=\"https:\/\/gruenholz.info\/wp-content\/uploads\/2024\/04\/Gruenholz-4-2024.jpeg\"><img loading=\"lazy\" decoding=\"async\" width=\"1024\" height=\"768\" src=\"https:\/\/gruenholz.info\/wp-content\/uploads\/2024\/04\/Gruenholz-4-2024-1024x768.jpeg\" alt=\"\" class=\"wp-image-599\" style=\"width:340px;height:auto\" srcset=\"https:\/\/gruenholz.info\/wp-content\/uploads\/2024\/04\/Gruenholz-4-2024-1024x768.jpeg 1024w, https:\/\/gruenholz.info\/wp-content\/uploads\/2024\/04\/Gruenholz-4-2024-300x225.jpeg 300w, https:\/\/gruenholz.info\/wp-content\/uploads\/2024\/04\/Gruenholz-4-2024-768x576.jpeg 768w, https:\/\/gruenholz.info\/wp-content\/uploads\/2024\/04\/Gruenholz-4-2024.jpeg 1280w\" sizes=\"(max-width: 1024px) 100vw, 1024px\" \/><\/a><\/figure>\n\n\n\n<p>Der Kurs, um das Schnitzen und Drechseln mit frischem Holz zu erlernen.<\/p>\n\n\n\n<p>Je nach Lust, Laune und Erfahrung k\u00f6nnen einfachere oder komplexere Projekte angegangen werden.<\/p>\n\n\n<div class=\"wp-block-image\">\n<figure class=\"alignleft\"><a href=\"http:\/\/gruenholz.info\/wp-content\/uploads\/2015\/03\/Bild_gruwipp_2.jpg\"><img loading=\"lazy\" decoding=\"async\" width=\"150\" height=\"150\" src=\"http:\/\/gruenholz.info\/wp-content\/uploads\/2015\/03\/Bild_gruwipp_2-150x150.jpg\" alt=\"L1300352\" class=\"wp-image-73\" srcset=\"https:\/\/gruenholz.info\/wp-content\/uploads\/2015\/03\/Bild_gruwipp_2-150x150.jpg 150w, https:\/\/gruenholz.info\/wp-content\/uploads\/2015\/03\/Bild_gruwipp_2-184x184.jpg 184w\" sizes=\"(max-width: 150px) 100vw, 150px\" \/><\/a><\/figure><\/div>\n\n<div class=\"wp-block-image\">\n<figure class=\"alignright\"><a href=\"http:\/\/gruenholz.info\/wp-content\/uploads\/2015\/03\/Bild_gruwipp_3.jpg\"><img loading=\"lazy\" decoding=\"async\" width=\"150\" height=\"150\" src=\"http:\/\/gruenholz.info\/wp-content\/uploads\/2015\/03\/Bild_gruwipp_3-150x150.jpg\" alt=\"L1170289\" class=\"wp-image-74\" srcset=\"https:\/\/gruenholz.info\/wp-content\/uploads\/2015\/03\/Bild_gruwipp_3-150x150.jpg 150w, https:\/\/gruenholz.info\/wp-content\/uploads\/2015\/03\/Bild_gruwipp_3-184x184.jpg 184w\" sizes=\"(max-width: 150px) 100vw, 150px\" \/><\/a><\/figure><\/div>\n\n\n<p><a title=\"Kurstermine\" href=\"http:\/\/gruenholz.info\/?page_id=6\">-&gt; Termine und Preis<\/a><\/p>\n","protected":false},"excerpt":{"rendered":"<p>Gr\u00fcnholzwerken f\u00fcr Anf\u00e4nger und Fortgeschrittene. Mit Schnitzbeil, Ziehmesser und Wippdrehbank k\u00f6nnen Arbeiten wie Kerzenleuchter, Schalen, Mollen, Shrinkpots oder ein Hocker mit massiver Sitzfl\u00e4che und verzapften Beinen hergestellt werden. Der Kurs, um das Schnitzen und Drechseln mit frischem Holz zu erlernen. Je nach Lust, Laune und Erfahrung k\u00f6nnen einfachere oder komplexere Projekte angegangen werden. -&gt; Termine [&hellip;]<\/p>\n","protected":false},"author":1,"featured_media":0,"parent":22,"menu_order":1,"comment_status":"open","ping_status":"open","template":"","meta":{"footnotes":""},"_links":{"self":[{"href":"https:\/\/gruenholz.info\/index.php?rest_route=\/wp\/v2\/pages\/71"}],"collection":[{"href":"https:\/\/gruenholz.info\/index.php?rest_route=\/wp\/v2\/pages"}],"about":[{"href":"https:\/\/gruenholz.info\/index.php?rest_route=\/wp\/v2\/types\/page"}],"author":[{"embeddable":true,"href":"https:\/\/gruenholz.info\/index.php?rest_route=\/wp\/v2\/users\/1"}],"replies":[{"embeddable":true,"href":"https:\/\/gruenholz.info\/index.php?rest_route=%2Fwp%2Fv2%2Fcomments&post=71"}],"version-history":[{"count":9,"href":"https:\/\/gruenholz.info\/index.php?rest_route=\/wp\/v2\/pages\/71\/revisions"}],"predecessor-version":[{"id":603,"href":"https:\/\/gruenholz.info\/index.php?rest_route=\/wp\/v2\/pages\/71\/revisions\/603"}],"up":[{"embeddable":true,"href":"https:\/\/gruenholz.info\/index.php?rest_route=\/wp\/v2\/pages\/22"}],"wp:attachment":[{"href":"https:\/\/gruenholz.info\/index.php?rest_route=%2Fwp%2Fv2%2Fmedia&parent=71"}],"curies":[{"name":"wp","href":"https:\/\/api.w.org\/{rel}","templated":true}]}}