{"id":62,"date":"2015-03-31T14:47:48","date_gmt":"2015-03-31T12:47:48","guid":{"rendered":"http:\/\/gruenholz.info\/V2\/?page_id=62"},"modified":"2018-06-26T12:53:07","modified_gmt":"2018-06-26T10:53:07","slug":"schaerfen-von-handwerkzeugen","status":"publish","type":"page","link":"https:\/\/gruenholz.info\/?page_id=62","title":{"rendered":"Sch\u00e4rfen von Handwerkzeugen"},"content":{"rendered":"<p>Scharfes Werkzeug ist unerl\u00e4sslich f\u00fcr freudiges Holzarbeiten &#8211; aber die Welt der Holzwerkzeuge ist vielf\u00e4ltig, und das Sch\u00e4rfen ein komplexes und un\u00fcbersichtliches Feld.<\/p>\n<p><img loading=\"lazy\" decoding=\"async\" class=\"alignleft wp-image-64 size-thumbnail\" src=\"http:\/\/gruenholz.info\/wp-content\/uploads\/2015\/03\/Bild_schaerfen_1-150x150.jpg\" alt=\"L1180531\" width=\"150\" height=\"150\" srcset=\"https:\/\/gruenholz.info\/wp-content\/uploads\/2015\/03\/Bild_schaerfen_1-150x150.jpg 150w, https:\/\/gruenholz.info\/wp-content\/uploads\/2015\/03\/Bild_schaerfen_1-184x184.jpg 184w\" sizes=\"(max-width: 150px) 100vw, 150px\" \/>Auf diesem Intensivkurs erkl\u00e4rt Michail Sch\u00fctte \u00a0wie man Handwerkzeuge aller Art haarspaltend scharf bekommt- und dies ist f\u00fcr Anf\u00e4nger genauso interessant wie f\u00fcr erfahrene Handwerker.<\/p>\n<p>Die Teilnehmer sind eingeladen, eigene Werkzeuge mitzubringen, die dann unter Anleitung gesch\u00e4rft werden k\u00f6nnen.<\/p>\n<p>Das Sch\u00e4rfen von geraden Klingen wie Stemmeisen, Hobeln und auch K\u00fcchenmesser und Scheren wird ebenso erkl\u00e4rt wie das Sch\u00e4rfen von gebogenen Klingen, f\u00fcr Schnitz- und Drechselwerkzeug und auch f\u00fcr Hakenmesser zum L\u00f6ffelschnitzen.<\/p>\n<p>Des weiteren wird das Sch\u00e4rfen von \u00c4xten und Beilen, von Dexeln und Ziehmessern und von Bohren und Ziehklingen und auch von Hands\u00e4gen gezeigt.<\/p>\n<p>Zum Einsatz kommen europ\u00e4ische wie auch japanische Techniken und Sch\u00e4rfmittel.<\/p>\n<p><a href=\"http:\/\/gruenholz.info\/wp-content\/uploads\/2015\/03\/Bild_schaerfen_2.jpg\"><br \/>\n<img loading=\"lazy\" decoding=\"async\" class=\"alignright wp-image-65 size-thumbnail\" src=\"http:\/\/gruenholz.info\/wp-content\/uploads\/2015\/03\/Bild_schaerfen_2-150x150.jpg\" alt=\"alle 122\" width=\"150\" height=\"150\" srcset=\"https:\/\/gruenholz.info\/wp-content\/uploads\/2015\/03\/Bild_schaerfen_2-150x150.jpg 150w, https:\/\/gruenholz.info\/wp-content\/uploads\/2015\/03\/Bild_schaerfen_2-184x184.jpg 184w\" sizes=\"(max-width: 150px) 100vw, 150px\" \/><\/a><\/p>\n<p>Verschiedenste Schleifger\u00e4te und Abziehsteine k\u00f6nnen am eigenen Werkzeug ausprobiert werden<br \/>\nund ein Mikroskop verdeutlicht, was w\u00e4hrend des Sch\u00e4rfvorganges passiert.<\/p>\n<p><a title=\"Kurstermine\" href=\"http:\/\/gruenholz.info\/?page_id=6\">-&gt; Termine und Preis<\/a><\/p>\n","protected":false},"excerpt":{"rendered":"<p>Scharfes Werkzeug ist unerl\u00e4sslich f\u00fcr freudiges Holzarbeiten &#8211; aber die Welt der Holzwerkzeuge ist vielf\u00e4ltig, und das Sch\u00e4rfen ein komplexes und un\u00fcbersichtliches Feld. Auf diesem Intensivkurs erkl\u00e4rt Michail Sch\u00fctte \u00a0wie man Handwerkzeuge aller Art haarspaltend scharf bekommt- und dies ist f\u00fcr Anf\u00e4nger genauso interessant wie f\u00fcr erfahrene Handwerker. Die Teilnehmer sind eingeladen, eigene Werkzeuge mitzubringen, [&hellip;]<\/p>\n","protected":false},"author":1,"featured_media":0,"parent":22,"menu_order":7,"comment_status":"open","ping_status":"open","template":"","meta":{"footnotes":""},"_links":{"self":[{"href":"https:\/\/gruenholz.info\/index.php?rest_route=\/wp\/v2\/pages\/62"}],"collection":[{"href":"https:\/\/gruenholz.info\/index.php?rest_route=\/wp\/v2\/pages"}],"about":[{"href":"https:\/\/gruenholz.info\/index.php?rest_route=\/wp\/v2\/types\/page"}],"author":[{"embeddable":true,"href":"https:\/\/gruenholz.info\/index.php?rest_route=\/wp\/v2\/users\/1"}],"replies":[{"embeddable":true,"href":"https:\/\/gruenholz.info\/index.php?rest_route=%2Fwp%2Fv2%2Fcomments&post=62"}],"version-history":[{"count":5,"href":"https:\/\/gruenholz.info\/index.php?rest_route=\/wp\/v2\/pages\/62\/revisions"}],"predecessor-version":[{"id":335,"href":"https:\/\/gruenholz.info\/index.php?rest_route=\/wp\/v2\/pages\/62\/revisions\/335"}],"up":[{"embeddable":true,"href":"https:\/\/gruenholz.info\/index.php?rest_route=\/wp\/v2\/pages\/22"}],"wp:attachment":[{"href":"https:\/\/gruenholz.info\/index.php?rest_route=%2Fwp%2Fv2%2Fmedia&parent=62"}],"curies":[{"name":"wp","href":"https:\/\/api.w.org\/{rel}","templated":true}]}}