{"id":19,"date":"2015-03-31T14:12:31","date_gmt":"2015-03-31T12:12:31","guid":{"rendered":"http:\/\/gruenholz.info\/V2\/?page_id=19"},"modified":"2015-10-06T23:34:41","modified_gmt":"2015-10-06T21:34:41","slug":"geschenkgutschein","status":"publish","type":"page","link":"https:\/\/gruenholz.info\/?page_id=19","title":{"rendered":"Geschenkgutschein"},"content":{"rendered":"<p>M\u00f6chten Sie einen Gr\u00fcnholzkurs verschenken?<br \/>\nKein Problem &#8211; Sie kl\u00e4ren mit uns den Termin, die Anmeldung und die Bezahlung.<\/p>\n<p><a href=\"http:\/\/gruenholz.info\/wp-content\/uploads\/2015\/03\/Geschenkgutschein.png\"><img loading=\"lazy\" decoding=\"async\" class=\"size-medium wp-image-95 alignleft\" src=\"http:\/\/gruenholz.info\/wp-content\/uploads\/2015\/03\/Geschenkgutschein-300x192.png\" alt=\"Geschenkgutschein\" width=\"300\" height=\"192\" srcset=\"https:\/\/gruenholz.info\/wp-content\/uploads\/2015\/03\/Geschenkgutschein-300x192.png 300w, https:\/\/gruenholz.info\/wp-content\/uploads\/2015\/03\/Geschenkgutschein.png 852w\" sizes=\"(max-width: 300px) 100vw, 300px\" \/><\/a>Hier k\u00f6nnen Sie einen sch\u00f6nen <a href=\"http:\/\/gruenholz.info\/wp-content\/uploads\/2015\/03\/Geschenkgutschein.pdf\">-&gt; Geschenkgutschein<\/a> zum Ausdrucken herunterladen, in den dann der Name des Beschenkten handschriftlich eingetragen werden kann.<\/p>\n","protected":false},"excerpt":{"rendered":"<p>M\u00f6chten Sie einen Gr\u00fcnholzkurs verschenken? Kein Problem &#8211; Sie kl\u00e4ren mit uns den Termin, die Anmeldung und die Bezahlung. Hier k\u00f6nnen Sie einen sch\u00f6nen -&gt; Geschenkgutschein zum Ausdrucken herunterladen, in den dann der Name des Beschenkten handschriftlich eingetragen werden kann.<\/p>\n","protected":false},"author":1,"featured_media":0,"parent":22,"menu_order":9,"comment_status":"open","ping_status":"closed","template":"","meta":{"footnotes":""},"_links":{"self":[{"href":"https:\/\/gruenholz.info\/index.php?rest_route=\/wp\/v2\/pages\/19"}],"collection":[{"href":"https:\/\/gruenholz.info\/index.php?rest_route=\/wp\/v2\/pages"}],"about":[{"href":"https:\/\/gruenholz.info\/index.php?rest_route=\/wp\/v2\/types\/page"}],"author":[{"embeddable":true,"href":"https:\/\/gruenholz.info\/index.php?rest_route=\/wp\/v2\/users\/1"}],"replies":[{"embeddable":true,"href":"https:\/\/gruenholz.info\/index.php?rest_route=%2Fwp%2Fv2%2Fcomments&post=19"}],"version-history":[{"count":3,"href":"https:\/\/gruenholz.info\/index.php?rest_route=\/wp\/v2\/pages\/19\/revisions"}],"predecessor-version":[{"id":266,"href":"https:\/\/gruenholz.info\/index.php?rest_route=\/wp\/v2\/pages\/19\/revisions\/266"}],"up":[{"embeddable":true,"href":"https:\/\/gruenholz.info\/index.php?rest_route=\/wp\/v2\/pages\/22"}],"wp:attachment":[{"href":"https:\/\/gruenholz.info\/index.php?rest_route=%2Fwp%2Fv2%2Fmedia&parent=19"}],"curies":[{"name":"wp","href":"https:\/\/api.w.org\/{rel}","templated":true}]}}