{"id":17,"date":"2015-03-31T14:08:04","date_gmt":"2015-03-31T12:08:04","guid":{"rendered":"http:\/\/gruenholz.info\/V2\/?page_id=17"},"modified":"2015-10-06T20:31:16","modified_gmt":"2015-10-06T18:31:16","slug":"wegbeschreibung","status":"publish","type":"page","link":"https:\/\/gruenholz.info\/?page_id=17","title":{"rendered":"Wegbeschreibung"},"content":{"rendered":"<p><em><strong>Per Auto:<\/strong><\/em><br \/>\nWir empfehlen die Anreise \u00fcber die B216 L\u00fcneburg \u2013 Dannenberg<\/p>\n<p>40 km \u00f6stlich von L\u00fcneburg, 20km, westlich von Dannenberg,\u00a0liegt an der B216 das kleine Dorf G\u00f6hrde.<\/p>\n<p>Dort nach Norden (ausgeschildert ist D\u00fcbbekold) abbiegen, nach 1km D\u00fcbbekold passieren.<\/p>\n<p>1km hinter D\u00fcbbekold beginnt Nieperfitz, dort zweimal links abbiegen, das Atelier Geh\u00f6lz und Gestalt befindet sich auf dem Hof an der Bushaltestelle.<\/p>\n<p>Es kann vor der Scheune geparkt werden.<\/p>\n<p><em><strong>Per Bahn:<\/strong><\/em><br \/>\nMit der Bahn von L\u00fcneburg Westbahnhof aus (aufpassen: es muss der Bahnhofsplatz \u00fcberquert werden) Richtung Dannenberg fahren bis zum Bahnhof G\u00f6hrde (wieder aufpassen: dieser ist nicht im Dorf G\u00f6hrde)<\/p>\n<p>Vom Bahnhof G\u00f6hrde bis nach Nieperfitz sind es 3km, alle lokalen Pensionen bieten einen Hol- und Bringservice an, auch wir k\u00f6nnen Sie von dort abholen.<\/p>\n<p>G\u00f6hrde liegt innerhalb des HVV Bereiches und kann von Hamburg aus mit einer HVV Gesamtbereich-Fahrkarte erreicht werden (gew\u00f6hnlich g\u00fcnstiger als DB).<br \/>\n<iframe loading=\"lazy\" style=\"border: 0;\" src=\"https:\/\/www.google.com\/maps\/embed?pb=!1m14!1m8!1m3!1d76555.42033606856!2d10.881063440472692!3d53.15763556464521!3m2!1i1024!2i768!4f13.1!3m3!1m2!1s0x47ae3eabdc222665%3A0xe218130350b9b648!2sNieperfitz+7%2C+21369+Nahrendorf!5e0!3m2!1sde!2sde!4v1427803578673\" width=\"600\" height=\"450\" frameborder=\"0\"><\/iframe><\/p>\n","protected":false},"excerpt":{"rendered":"<p>Per Auto: Wir empfehlen die Anreise \u00fcber die B216 L\u00fcneburg \u2013 Dannenberg 40 km \u00f6stlich von L\u00fcneburg, 20km, westlich von Dannenberg,\u00a0liegt an der B216 das kleine Dorf G\u00f6hrde. Dort nach Norden (ausgeschildert ist D\u00fcbbekold) abbiegen, nach 1km D\u00fcbbekold passieren. 1km hinter D\u00fcbbekold beginnt Nieperfitz, dort zweimal links abbiegen, das Atelier Geh\u00f6lz und Gestalt befindet sich [&hellip;]<\/p>\n","protected":false},"author":1,"featured_media":0,"parent":22,"menu_order":10,"comment_status":"open","ping_status":"closed","template":"","meta":{"footnotes":""},"_links":{"self":[{"href":"https:\/\/gruenholz.info\/index.php?rest_route=\/wp\/v2\/pages\/17"}],"collection":[{"href":"https:\/\/gruenholz.info\/index.php?rest_route=\/wp\/v2\/pages"}],"about":[{"href":"https:\/\/gruenholz.info\/index.php?rest_route=\/wp\/v2\/types\/page"}],"author":[{"embeddable":true,"href":"https:\/\/gruenholz.info\/index.php?rest_route=\/wp\/v2\/users\/1"}],"replies":[{"embeddable":true,"href":"https:\/\/gruenholz.info\/index.php?rest_route=%2Fwp%2Fv2%2Fcomments&post=17"}],"version-history":[{"count":2,"href":"https:\/\/gruenholz.info\/index.php?rest_route=\/wp\/v2\/pages\/17\/revisions"}],"predecessor-version":[{"id":97,"href":"https:\/\/gruenholz.info\/index.php?rest_route=\/wp\/v2\/pages\/17\/revisions\/97"}],"up":[{"embeddable":true,"href":"https:\/\/gruenholz.info\/index.php?rest_route=\/wp\/v2\/pages\/22"}],"wp:attachment":[{"href":"https:\/\/gruenholz.info\/index.php?rest_route=%2Fwp%2Fv2%2Fmedia&parent=17"}],"curies":[{"name":"wp","href":"https:\/\/api.w.org\/{rel}","templated":true}]}}