{"id":168,"date":"2015-07-01T11:13:13","date_gmt":"2015-07-01T09:13:13","guid":{"rendered":"http:\/\/gruenholz.info\/V2\/?page_id=168"},"modified":"2016-03-02T15:10:06","modified_gmt":"2016-03-02T14:10:06","slug":"werkzeug","status":"publish","type":"page","link":"https:\/\/gruenholz.info\/?page_id=168","title":{"rendered":"Werkzeug"},"content":{"rendered":"<p><strong>Gutes Handwerkzeug<\/strong> hat seinen Preis &#8211; aber dabei darf man nicht vergessen, dass es extrem langlebig ist. Wenn es nicht misshandelt wird, werden noch meine Enkel mit meinem Schnitzbeil arbeiten k\u00f6nnen. Bei einer Handkreiss\u00e4ge dagegen kann ich schon froh sein, wenn sie 10 Jahre h\u00e4lt. \u00a0Eines der \u00e4ltesten und vielseitigsten Holzbearbeitungswerkzeuge ist \u00a0das Beil- hier ein Link zu einem Artikel, den ich f\u00fcr die Zeitschrift Holzwerken (www.Holzwerken.net) geschrieben habe<\/p>\n<p style=\"text-align: center;\"><strong><a href=\"http:\/\/gruenholz.info\/wp-content\/uploads\/2015\/07\/2012_34_HW_Schnitzbeile.pdf\" target=\"_blank\">Werkstattpraxis Artikel &#8211; Schnitzbeile<\/a><\/strong><\/p>\n<p style=\"text-align: center;\">\n<p>&nbsp;<\/p>\n<p>Hier zwei Links zu Schmieden, die gute Handwerkzeuge herstellen:<\/p>\n<p><strong>Peter Maas<\/strong>, Schwarze Schmiede Horndorf:\u00a0<a href=\"http:\/\/www.schwarze-schmiede.de\" target=\"_blank\">www.schwarze-schmiede.de<\/a><\/p>\n<p><strong>Ben Orford<\/strong>:\u00a0<a href=\"http:\/\/www.benandloisorford.com\" target=\"_blank\">www.benandloisorford.com<\/a><\/p>\n<p>&nbsp;<\/p>\n<p>Aber die Welt ist auch voll mit ungeliebten alten Werkzeugen, die darauf warten, wiederbelebt zu werden. Ein gutes Schnitzbeil muss nicht unbedingt neu gekauft werden &#8211; daf\u00fcr gibt es meinen Kurs\u00a0<strong><a href=\"http:\/\/gruenholz.info\/?page_id=40\">Neues Leben f\u00fcr alte Werkzeuge<\/a>.<\/strong><\/p>\n","protected":false},"excerpt":{"rendered":"<p>Gutes Handwerkzeug hat seinen Preis &#8211; aber dabei darf man nicht vergessen, dass es extrem langlebig ist. Wenn es nicht misshandelt wird, werden noch meine Enkel mit meinem Schnitzbeil arbeiten k\u00f6nnen. Bei einer Handkreiss\u00e4ge dagegen kann ich schon froh sein, wenn sie 10 Jahre h\u00e4lt. \u00a0Eines der \u00e4ltesten und vielseitigsten Holzbearbeitungswerkzeuge ist \u00a0das Beil- hier [&hellip;]<\/p>\n","protected":false},"author":1,"featured_media":282,"parent":0,"menu_order":0,"comment_status":"closed","ping_status":"open","template":"","meta":{"footnotes":""},"_links":{"self":[{"href":"https:\/\/gruenholz.info\/index.php?rest_route=\/wp\/v2\/pages\/168"}],"collection":[{"href":"https:\/\/gruenholz.info\/index.php?rest_route=\/wp\/v2\/pages"}],"about":[{"href":"https:\/\/gruenholz.info\/index.php?rest_route=\/wp\/v2\/types\/page"}],"author":[{"embeddable":true,"href":"https:\/\/gruenholz.info\/index.php?rest_route=\/wp\/v2\/users\/1"}],"replies":[{"embeddable":true,"href":"https:\/\/gruenholz.info\/index.php?rest_route=%2Fwp%2Fv2%2Fcomments&post=168"}],"version-history":[{"count":10,"href":"https:\/\/gruenholz.info\/index.php?rest_route=\/wp\/v2\/pages\/168\/revisions"}],"predecessor-version":[{"id":283,"href":"https:\/\/gruenholz.info\/index.php?rest_route=\/wp\/v2\/pages\/168\/revisions\/283"}],"wp:featuredmedia":[{"embeddable":true,"href":"https:\/\/gruenholz.info\/index.php?rest_route=\/wp\/v2\/media\/282"}],"wp:attachment":[{"href":"https:\/\/gruenholz.info\/index.php?rest_route=%2Fwp%2Fv2%2Fmedia&parent=168"}],"curies":[{"name":"wp","href":"https:\/\/api.w.org\/{rel}","templated":true}]}}