{"id":158,"date":"2015-07-01T10:57:49","date_gmt":"2015-07-01T08:57:49","guid":{"rendered":"http:\/\/gruenholz.info\/V2\/?page_id=158"},"modified":"2015-10-06T19:43:14","modified_gmt":"2015-10-06T17:43:14","slug":"loeffel-und-schalen","status":"publish","type":"page","link":"https:\/\/gruenholz.info\/?page_id=158","title":{"rendered":"L\u00f6ffel und Schalen"},"content":{"rendered":"<p><strong>Bis auf Fr\u00fchst\u00fccks- und Schneidebretter<\/strong> wird h\u00f6lzernes Essgeschirr kaum mehr benutzt- zu unrecht!<\/p>\n<p><a href=\"http:\/\/gruenholz.info\/wp-content\/uploads\/2015\/07\/Bild_loefschal_1.jpg\"><img loading=\"lazy\" decoding=\"async\" class=\"size-thumbnail wp-image-209 alignleft\" src=\"http:\/\/gruenholz.info\/wp-content\/uploads\/2015\/07\/Bild_loefschal_1-150x150.jpg\" alt=\"7 gh\" width=\"150\" height=\"150\" srcset=\"https:\/\/gruenholz.info\/wp-content\/uploads\/2015\/07\/Bild_loefschal_1-150x150.jpg 150w, https:\/\/gruenholz.info\/wp-content\/uploads\/2015\/07\/Bild_loefschal_1-184x184.jpg 184w\" sizes=\"(max-width: 150px) 100vw, 150px\" \/><\/a>H\u00f6lzerne Schalen und L\u00f6ffel sind einzigartig in Haptik und Aussehen, leise, warm und unzerbrechlich, bestens geeignet f\u00fcr M\u00fcsli, Suppe und Salat. Davon zu essen ist ein Genuss.<a href=\"http:\/\/gruenholz.info\/wp-content\/uploads\/2015\/03\/Bild_loeffel_2.jpg\"><img loading=\"lazy\" decoding=\"async\" class=\"size-thumbnail wp-image-31 alignright\" src=\"http:\/\/gruenholz.info\/wp-content\/uploads\/2015\/03\/Bild_loeffel_2-150x150.jpg\" alt=\"L1190013\" width=\"150\" height=\"150\" srcset=\"https:\/\/gruenholz.info\/wp-content\/uploads\/2015\/03\/Bild_loeffel_2-150x150.jpg 150w, https:\/\/gruenholz.info\/wp-content\/uploads\/2015\/03\/Bild_loeffel_2-184x184.jpg 184w\" sizes=\"(max-width: 150px) 100vw, 150px\" \/><\/a><\/p>\n<p>Und sie haben eine lange Geschichte &#8211;\u00a0auf Wunsch fertige ich authentische Repliken von historischen Schalen an, f\u00fcr Wikinger oder Mittelalterliebhaber, genauso wie pers\u00f6nliche L\u00f6ffel mit Motiven Ihrer Wahl.<\/p>\n","protected":false},"excerpt":{"rendered":"<p>Bis auf Fr\u00fchst\u00fccks- und Schneidebretter wird h\u00f6lzernes Essgeschirr kaum mehr benutzt- zu unrecht! H\u00f6lzerne Schalen und L\u00f6ffel sind einzigartig in Haptik und Aussehen, leise, warm und unzerbrechlich, bestens geeignet f\u00fcr M\u00fcsli, Suppe und Salat. Davon zu essen ist ein Genuss. Und sie haben eine lange Geschichte &#8211;\u00a0auf Wunsch fertige ich authentische Repliken von historischen Schalen [&hellip;]<\/p>\n","protected":false},"author":1,"featured_media":0,"parent":0,"menu_order":0,"comment_status":"closed","ping_status":"open","template":"","meta":{"footnotes":""},"_links":{"self":[{"href":"https:\/\/gruenholz.info\/index.php?rest_route=\/wp\/v2\/pages\/158"}],"collection":[{"href":"https:\/\/gruenholz.info\/index.php?rest_route=\/wp\/v2\/pages"}],"about":[{"href":"https:\/\/gruenholz.info\/index.php?rest_route=\/wp\/v2\/types\/page"}],"author":[{"embeddable":true,"href":"https:\/\/gruenholz.info\/index.php?rest_route=\/wp\/v2\/users\/1"}],"replies":[{"embeddable":true,"href":"https:\/\/gruenholz.info\/index.php?rest_route=%2Fwp%2Fv2%2Fcomments&post=158"}],"version-history":[{"count":3,"href":"https:\/\/gruenholz.info\/index.php?rest_route=\/wp\/v2\/pages\/158\/revisions"}],"predecessor-version":[{"id":211,"href":"https:\/\/gruenholz.info\/index.php?rest_route=\/wp\/v2\/pages\/158\/revisions\/211"}],"wp:attachment":[{"href":"https:\/\/gruenholz.info\/index.php?rest_route=%2Fwp%2Fv2%2Fmedia&parent=158"}],"curies":[{"name":"wp","href":"https:\/\/api.w.org\/{rel}","templated":true}]}}