{"id":156,"date":"2015-07-01T10:57:07","date_gmt":"2015-07-01T08:57:07","guid":{"rendered":"http:\/\/gruenholz.info\/V2\/?page_id=156"},"modified":"2015-10-06T19:05:13","modified_gmt":"2015-10-06T17:05:13","slug":"auftragsarbeiten","status":"publish","type":"page","link":"https:\/\/gruenholz.info\/?page_id=156","title":{"rendered":"Auftragsarbeiten"},"content":{"rendered":"<p><strong><a href=\"http:\/\/gruenholz.info\/wp-content\/uploads\/2015\/07\/Bild_auftraege_1.jpg\"><img loading=\"lazy\" decoding=\"async\" class=\"size-thumbnail wp-image-205 alignleft\" src=\"http:\/\/gruenholz.info\/wp-content\/uploads\/2015\/07\/Bild_auftraege_1-150x150.jpg\" alt=\"L1260837\" width=\"150\" height=\"150\" srcset=\"https:\/\/gruenholz.info\/wp-content\/uploads\/2015\/07\/Bild_auftraege_1-150x150.jpg 150w, https:\/\/gruenholz.info\/wp-content\/uploads\/2015\/07\/Bild_auftraege_1-184x184.jpg 184w\" sizes=\"(max-width: 150px) 100vw, 150px\" \/><\/a>Auf Wunsch<\/strong> fertige ich Ihnen massgeschneiderte Gr\u00fcnholzl\u00f6sungen.<\/p>\n<p>M\u00f6belst\u00fccke, Skulpturen, f\u00fcr drinnen oder draussen &#8211;\u00a0 sprechen Sie mich einfach an.<img loading=\"lazy\" decoding=\"async\" class=\"size-thumbnail wp-image-119 alignright\" src=\"http:\/\/gruenholz.info\/wp-content\/uploads\/2015\/07\/Bild_galerie_2-150x150.jpg\" alt=\"L1300687\" width=\"150\" height=\"150\" srcset=\"https:\/\/gruenholz.info\/wp-content\/uploads\/2015\/07\/Bild_galerie_2-150x150.jpg 150w, https:\/\/gruenholz.info\/wp-content\/uploads\/2015\/07\/Bild_galerie_2-184x184.jpg 184w\" sizes=\"(max-width: 150px) 100vw, 150px\" \/><\/p>\n<p>Dies auch aus ihrem eigenen Holz m\u00f6glich &#8211; wenn Sie einen alten Baum haben, der gef\u00e4llt werden muss, kann ich ihn f\u00fcr Sie verwandeln und ihm so ein neues Leben verleihen.<\/p>\n","protected":false},"excerpt":{"rendered":"<p>Auf Wunsch fertige ich Ihnen massgeschneiderte Gr\u00fcnholzl\u00f6sungen. M\u00f6belst\u00fccke, Skulpturen, f\u00fcr drinnen oder draussen &#8211;\u00a0 sprechen Sie mich einfach an. Dies auch aus ihrem eigenen Holz m\u00f6glich &#8211; wenn Sie einen alten Baum haben, der gef\u00e4llt werden muss, kann ich ihn f\u00fcr Sie verwandeln und ihm so ein neues Leben verleihen.<\/p>\n","protected":false},"author":1,"featured_media":0,"parent":0,"menu_order":0,"comment_status":"closed","ping_status":"open","template":"","meta":{"footnotes":""},"_links":{"self":[{"href":"https:\/\/gruenholz.info\/index.php?rest_route=\/wp\/v2\/pages\/156"}],"collection":[{"href":"https:\/\/gruenholz.info\/index.php?rest_route=\/wp\/v2\/pages"}],"about":[{"href":"https:\/\/gruenholz.info\/index.php?rest_route=\/wp\/v2\/types\/page"}],"author":[{"embeddable":true,"href":"https:\/\/gruenholz.info\/index.php?rest_route=\/wp\/v2\/users\/1"}],"replies":[{"embeddable":true,"href":"https:\/\/gruenholz.info\/index.php?rest_route=%2Fwp%2Fv2%2Fcomments&post=156"}],"version-history":[{"count":4,"href":"https:\/\/gruenholz.info\/index.php?rest_route=\/wp\/v2\/pages\/156\/revisions"}],"predecessor-version":[{"id":208,"href":"https:\/\/gruenholz.info\/index.php?rest_route=\/wp\/v2\/pages\/156\/revisions\/208"}],"wp:attachment":[{"href":"https:\/\/gruenholz.info\/index.php?rest_route=%2Fwp%2Fv2%2Fmedia&parent=156"}],"curies":[{"name":"wp","href":"https:\/\/api.w.org\/{rel}","templated":true}]}}