{"id":111,"date":"2015-07-01T09:38:12","date_gmt":"2015-07-01T07:38:12","guid":{"rendered":"http:\/\/gruenholz.info\/V2\/?page_id=111"},"modified":"2025-12-24T09:38:30","modified_gmt":"2025-12-24T08:38:30","slug":"vorfuehrungen-und-ausstellungen","status":"publish","type":"page","link":"https:\/\/gruenholz.info\/?page_id=111","title":{"rendered":"Vorf\u00fchrungen und Ausstellungen"},"content":{"rendered":"\n<p><strong>Sternenparadies-Spazierg\u00e4nge<\/strong><\/p>\n\n\n\n<figure class=\"wp-block-image\"><a href=\"https:\/\/gruenholz.info\/wp-content\/uploads\/2023\/05\/astro-illu-1-s.jpg\"><img loading=\"lazy\" decoding=\"async\" width=\"300\" height=\"242\" src=\"https:\/\/gruenholz.info\/wp-content\/uploads\/2023\/05\/astro-illu-1-s-300x242.jpg\" alt=\"\" class=\"wp-image-533\" srcset=\"https:\/\/gruenholz.info\/wp-content\/uploads\/2023\/05\/astro-illu-1-s-300x242.jpg 300w, https:\/\/gruenholz.info\/wp-content\/uploads\/2023\/05\/astro-illu-1-s.jpg 640w\" sizes=\"(max-width: 300px) 100vw, 300px\" \/><\/a><\/figure>\n\n\n\n<p><strong>Der Sternenhimmel im Lauf der Jahreszeiten<\/strong><\/p>\n\n\n\n<p>Astronomische F\u00fchrungen am Naturum G\u00f6hrde&nbsp;mit Michail Sch\u00fctte<br><a href=\"http:\/\/www.naturum-goehrde.de\">www.naturum-goehrde.de<\/a><\/p>\n\n\n\n<p><strong>Sa 7.2. 2026&nbsp; &nbsp;21 Uhr<\/strong><\/p>\n\n\n\n<p><strong>Frei 15.5. 2026&nbsp; &nbsp;23 Uhr<\/strong><\/p>\n\n\n\n<p><strong>Mo 18.5. 2026&nbsp; &nbsp;23 Uhr<\/strong><\/p>\n\n\n\n<p><strong>So 24.5. 2026&nbsp; &nbsp;23 Uhr<\/strong><\/p>\n\n\n\n<p>Um Anmeldung wird gebeten unter<\/p>\n\n\n\n<p>gruenholz@gruenholz.info<\/p>\n\n\n\n<p>Dauer ca. 1,5 Stunden, Start stets am:<\/p>\n\n\n\n<p>Naturum<\/p>\n\n\n\n<p>K\u00f6nig-Georg-Allee 5<\/p>\n\n\n\n<p>29473 G\u00f6hrde<\/p>\n\n\n\n<p><strong>Wippdrechselvorf\u00fchrungen im Kiekebergmuseum Hamburg<\/strong><\/p>\n\n\n<div class=\"wp-block-image\">\n<figure class=\"alignleft\"><img loading=\"lazy\" decoding=\"async\" width=\"150\" height=\"150\" src=\"http:\/\/gruenholz.info\/wp-content\/uploads\/2015\/07\/Bild_ausst_kiek-150x150.jpg\" alt=\"michail\" class=\"wp-image-242\" srcset=\"https:\/\/gruenholz.info\/wp-content\/uploads\/2015\/07\/Bild_ausst_kiek-150x150.jpg 150w, https:\/\/gruenholz.info\/wp-content\/uploads\/2015\/07\/Bild_ausst_kiek-184x184.jpg 184w\" sizes=\"(max-width: 150px) 100vw, 150px\" \/><\/figure><\/div>\n\n\n<p>jeweils 11-17 Uhr<\/p>\n\n\n\n<p><\/p>\n\n\n\n<p><\/p>\n\n\n\n<p><a href=\"http:\/\/www.kiekeberg-museum.de\/\">www.kiekeberg-museum.de<\/a><\/p>\n\n\n\n<p>Sa 15.\/So 16.8. 2026<\/p>\n\n\n\n<p>Sa 19.\/So 20.9. 2026<\/p>\n\n\n\n<p>Sa 25.\/So 26.4. 2026<\/p>\n\n\n\n<p>So 25. Oktober 2026 11-17 Uhr in der Aussenstelle Stellmacherei Langenrehm<\/p>\n\n\n\n<p><\/p>\n\n\n\n<p><\/p>\n\n\n\n<figure class=\"wp-block-image size-large is-resized\"><a href=\"https:\/\/gruenholz.info\/wp-content\/uploads\/2023\/05\/Baumzeit-Logo-small-scaled.jpg\"><img loading=\"lazy\" decoding=\"async\" width=\"861\" height=\"1024\" src=\"https:\/\/gruenholz.info\/wp-content\/uploads\/2023\/05\/Baumzeit-Logo-small-861x1024.jpg\" alt=\"\" class=\"wp-image-530\" style=\"width:192px;height:auto\" srcset=\"https:\/\/gruenholz.info\/wp-content\/uploads\/2023\/05\/Baumzeit-Logo-small-861x1024.jpg 861w, https:\/\/gruenholz.info\/wp-content\/uploads\/2023\/05\/Baumzeit-Logo-small-252x300.jpg 252w, https:\/\/gruenholz.info\/wp-content\/uploads\/2023\/05\/Baumzeit-Logo-small-768x914.jpg 768w, https:\/\/gruenholz.info\/wp-content\/uploads\/2023\/05\/Baumzeit-Logo-small-1291x1536.jpg 1291w, https:\/\/gruenholz.info\/wp-content\/uploads\/2023\/05\/Baumzeit-Logo-small-1721x2048.jpg 1721w\" sizes=\"(max-width: 861px) 100vw, 861px\" \/><\/a><\/figure>\n\n\n\n<p><strong>Baumzeit<\/strong><\/p>\n\n\n\n<p><strong>Waldf\u00fchrung mit M\u00e4rchen, Mythen und Geschichten rund um B\u00e4ume, Wald und Holz<\/strong><\/p>\n\n\n\n<p>im Rahmen der Kulturellen Landpartie&nbsp; am Wunderpunkt&nbsp; G\u00f6hrde<\/p>\n\n\n\n<p><strong>Frei 15.5. 2026<\/strong><\/p>\n\n\n\n<p><strong>Mi 20.5. 2026<\/strong><\/p>\n\n\n\n<p><strong>So 24.5. 2026<\/strong><\/p>\n\n\n\n<p>Dauer ca. 3,5 Stunden, Start je 14 Uhr am Naturum G\u00f6hrde, K\u00f6nig-Georg-Allee 5, 29473 G\u00f6hrde<\/p>\n\n\n","protected":false},"excerpt":{"rendered":"<p>Sternenparadies-Spazierg\u00e4nge Der Sternenhimmel im Lauf der Jahreszeiten Astronomische F\u00fchrungen am Naturum G\u00f6hrde&nbsp;mit Michail Sch\u00fcttewww.naturum-goehrde.de Sa 7.2. 2026&nbsp; &nbsp;21 Uhr Frei 15.5. 2026&nbsp; &nbsp;23 Uhr Mo 18.5. 2026&nbsp; &nbsp;23 Uhr So 24.5. 2026&nbsp; &nbsp;23 Uhr Um Anmeldung wird gebeten unter gruenholz@gruenholz.info Dauer ca. 1,5 Stunden, Start stets am: Naturum K\u00f6nig-Georg-Allee 5 29473 G\u00f6hrde Wippdrechselvorf\u00fchrungen im Kiekebergmuseum [&hellip;]<\/p>\n","protected":false},"author":1,"featured_media":0,"parent":6,"menu_order":3,"comment_status":"open","ping_status":"closed","template":"","meta":{"footnotes":""},"_links":{"self":[{"href":"https:\/\/gruenholz.info\/index.php?rest_route=\/wp\/v2\/pages\/111"}],"collection":[{"href":"https:\/\/gruenholz.info\/index.php?rest_route=\/wp\/v2\/pages"}],"about":[{"href":"https:\/\/gruenholz.info\/index.php?rest_route=\/wp\/v2\/types\/page"}],"author":[{"embeddable":true,"href":"https:\/\/gruenholz.info\/index.php?rest_route=\/wp\/v2\/users\/1"}],"replies":[{"embeddable":true,"href":"https:\/\/gruenholz.info\/index.php?rest_route=%2Fwp%2Fv2%2Fcomments&post=111"}],"version-history":[{"count":35,"href":"https:\/\/gruenholz.info\/index.php?rest_route=\/wp\/v2\/pages\/111\/revisions"}],"predecessor-version":[{"id":702,"href":"https:\/\/gruenholz.info\/index.php?rest_route=\/wp\/v2\/pages\/111\/revisions\/702"}],"up":[{"embeddable":true,"href":"https:\/\/gruenholz.info\/index.php?rest_route=\/wp\/v2\/pages\/6"}],"wp:attachment":[{"href":"https:\/\/gruenholz.info\/index.php?rest_route=%2Fwp%2Fv2%2Fmedia&parent=111"}],"curies":[{"name":"wp","href":"https:\/\/api.w.org\/{rel}","templated":true}]}}